{"id":154,"date":"2015-09-14T18:44:22","date_gmt":"2015-09-14T16:44:22","guid":{"rendered":"http:\/\/t4travel.de\/?page_id=154"},"modified":"2016-03-04T23:23:19","modified_gmt":"2016-03-04T22:23:19","slug":"newsinfosstandort","status":"publish","type":"page","link":"http:\/\/t4travel.de\/index.php\/newsinfosstandort\/","title":{"rendered":"News\/Infos\/Standort"},"content":{"rendered":"<!-- Nomad World Map - http:\/\/nomadworldmap.com --><div class=\"nwm-wrap\" ><div id=\"nwm-map-0\" class=\"nomad-world-map\" ><\/div><div class=\"nwm-destination-list\"><div class=\"nwm-back nwm-control\"><\/div><ul><\/ul><div class=\"nwm-forward nwm-control\"><\/div><\/div><\/div>\n<p><strong>Unser momentaner Standort:<\/strong><\/p>\n<p>04.03.2016 &#8211; Bayern, unsere Vorbereitungen f\u00fcr die Weiterreise nach Spanien (und evtl. Marokko) laufen auf Hochtouren \ud83d\ude42<\/p>\n<p>04.12.2015 &#8211;\u00a0Kyparissia, das erste mal das wir Workaway ausprobieren. Wir haben diese kleine H\u00fctte komplett f\u00fcr uns \ud83d\ude42 Luxus pur, wenn man bedenkt, dass wir die letzten Monate auf engstem Raum gewohnt haben. Morgen ernten wir Oliven.<\/p>\n<table>\n<tbody>\n<tr>\n<td><a href=\"http:\/\/t4travel.de\/wp-content\/uploads\/2015\/09\/29-2227.jpg\" data-rel=\"lightbox-0\" title=\"\"><img loading=\"lazy\" class=\"alignnone size-medium wp-image-824\" src=\"http:\/\/t4travel.de\/wp-content\/uploads\/2015\/09\/29-2227-300x200.jpg\" alt=\"29-2227\" width=\"300\" height=\"200\" srcset=\"http:\/\/t4travel.de\/wp-content\/uploads\/2015\/09\/29-2227-300x200.jpg 300w, http:\/\/t4travel.de\/wp-content\/uploads\/2015\/09\/29-2227-768x512.jpg 768w, http:\/\/t4travel.de\/wp-content\/uploads\/2015\/09\/29-2227-1024x683.jpg 1024w, http:\/\/t4travel.de\/wp-content\/uploads\/2015\/09\/29-2227.jpg 1200w\" sizes=\"(max-width: 300px) 100vw, 300px\" \/><\/a><\/td>\n<td><a href=\"http:\/\/t4travel.de\/wp-content\/uploads\/2015\/09\/29-2229.jpg\" data-rel=\"lightbox-1\" title=\"\"><img loading=\"lazy\" class=\"size-medium wp-image-825 alignright\" src=\"http:\/\/t4travel.de\/wp-content\/uploads\/2015\/09\/29-2229-300x200.jpg\" alt=\"29-2229\" width=\"300\" height=\"200\" srcset=\"http:\/\/t4travel.de\/wp-content\/uploads\/2015\/09\/29-2229-300x200.jpg 300w, http:\/\/t4travel.de\/wp-content\/uploads\/2015\/09\/29-2229-768x512.jpg 768w, http:\/\/t4travel.de\/wp-content\/uploads\/2015\/09\/29-2229-1024x683.jpg 1024w, http:\/\/t4travel.de\/wp-content\/uploads\/2015\/09\/29-2229.jpg 1200w\" sizes=\"(max-width: 300px) 100vw, 300px\" \/><\/a><\/td>\n<\/tr>\n<\/tbody>\n<\/table>\n<p>23.11.2015 &#8211; Agrinio, sind auf dem Weg nach Patras.<\/p>\n<p>18.11.2015 &#8211; Meteora\/Griechenland &#8211; Wir sind seit ein paar Tagen hier am Klettern. Das n\u00e4chste Update der Seite kommt bald.<\/p>\n<p><a href=\"http:\/\/t4travel.de\/wp-content\/uploads\/2015\/09\/meteora-8.jpg\" data-rel=\"lightbox-2\" title=\"\"><img loading=\"lazy\" class=\"size-large wp-image-659 aligncenter\" src=\"http:\/\/t4travel.de\/wp-content\/uploads\/2015\/09\/meteora-8-1024x532.jpg\" alt=\"meteora-8\" width=\"610\" height=\"317\" srcset=\"http:\/\/t4travel.de\/wp-content\/uploads\/2015\/09\/meteora-8-1024x532.jpg 1024w, http:\/\/t4travel.de\/wp-content\/uploads\/2015\/09\/meteora-8-300x156.jpg 300w, http:\/\/t4travel.de\/wp-content\/uploads\/2015\/09\/meteora-8-768x399.jpg 768w, http:\/\/t4travel.de\/wp-content\/uploads\/2015\/09\/meteora-8-326x169.jpg 326w, http:\/\/t4travel.de\/wp-content\/uploads\/2015\/09\/meteora-8.jpg 1200w\" sizes=\"(max-width: 610px) 100vw, 610px\" \/><\/a><\/p>\n<p><strong>10.11.2015<\/strong> &#8211; Ksamil -Internet checken an einem kleinen aber feinen Strand<\/p>\n<p><a href=\"http:\/\/t4travel.de\/wp-content\/uploads\/2015\/09\/gjipe-7160.jpg\" data-rel=\"lightbox-3\" title=\"\"><img loading=\"lazy\" class=\"size-large wp-image-615 aligncenter\" src=\"http:\/\/t4travel.de\/wp-content\/uploads\/2015\/09\/gjipe-7160-1024x683.jpg\" alt=\"gjipe-7160\" width=\"610\" height=\"407\" srcset=\"http:\/\/t4travel.de\/wp-content\/uploads\/2015\/09\/gjipe-7160-1024x683.jpg 1024w, http:\/\/t4travel.de\/wp-content\/uploads\/2015\/09\/gjipe-7160-300x200.jpg 300w, http:\/\/t4travel.de\/wp-content\/uploads\/2015\/09\/gjipe-7160-768x512.jpg 768w, http:\/\/t4travel.de\/wp-content\/uploads\/2015\/09\/gjipe-7160.jpg 1200w\" sizes=\"(max-width: 610px) 100vw, 610px\" \/><\/a><\/p>\n<p><strong>07.11.2015<\/strong> &#8211; Wir sind wieder zur\u00fcck in der Zivilisation. Wir organisieren gerade alles auf einem Campingplatz und ich hoffe ich kann bald die n\u00e4chste Story vom Strand ver\u00f6ffentlichen.<\/p>\n<p><strong>23.10.2015<\/strong> &#8211; Sind an dem wundersch\u00f6nem Strand Gjipe. Bleiben wir wohl einige Tage!<\/p>\n<p><strong>19.10.2015<\/strong> &#8211; Irgendwo in der N\u00e4he von Terpan.<\/p>\n<p><strong><a href=\"http:\/\/t4travel.de\/index.php\/2015\/10\/28\/21-wanderung-im-osum-canyon-und-die-einsame-katze\/\">18.10.2015<\/a><\/strong> &#8211; Haben nen sch\u00f6nen Stellplatz s\u00fcd-\u00f6stlich von Berat an dem Flu\u00df Osum. Sind beide etwas angeschlagen (Erk\u00e4ltung). Die n\u00e4chsten Tage wirds etwas weniger mit den Berichten. Hab in dem Zustand nicht die Energie den Blog vern\u00fcnftig zu f\u00fchren.<\/p>\n<p><strong><a href=\"http:\/\/t4travel.de\/index.php\/2015\/10\/21\/19-kap-rodon-und-der-tote-stein\/\">16.10.2015<\/a><\/strong> &#8211; Sind nochmal hoch in den Norden gefahren ans Kap Rodon und haben dort 3 gem\u00fctliche Tage am Strand verbracht. Kein Internet da, deswegen gibts erst die Tage wieder ein paar Berichte. Momentan sind wir kurz hinter Tirane.<\/p>\n<p><strong><a href=\"http:\/\/t4travel.de\/index.php\/2015\/10\/21\/18-camping-tirana-der-gescheiterte-besuch-der-hauptstadt\/\">11.10.2015<\/a><\/strong> &#8211; Albanien, kurz vor Tirana. Viel Regen, haben es uns auf dem Campingplatz n\u00f6rdlich von Tirana gem\u00fctlich gemacht. Nur zu empfehlen, die Familie die diesen betreibt ist \u00e4u\u00dferst sympatisch und versorgt uns bestens!<\/p>\n<p><strong>04.10.2015<\/strong> &#8211; Albanien\/Shkoder See Wieder zur\u00fcck aus den Albanischen Bergen. Muss mir morgen unbedingt mobiles Internet besorgen&#8230;<\/p>\n<p><strong><a href=\"http:\/\/t4travel.de\/index.php\/2015\/10\/04\/10-startschwierigkeiten-in-albanien\/\">26.09.2015<\/a><\/strong> &#8211; Albanien!! Ruhen uns das erste mal seit 3 Wochen mal auf einem <a href=\"http:\/\/www.lakeshkodraresort.com\/\" target=\"_blank\">Campingplatz<\/a> aus. Direkt am Shkoder See und planen die Strecke f\u00fcr die n\u00e4chsten Tage&#8230;<\/p>\n<p><strong>24.09.2015<\/strong> &#8211; Stehen gerade kurz vor Dubrovnik, innerhalb der n\u00e4chsten Tage geht es weiter durch Montenegro und nach Albanien.<\/p>\n<p><strong>14.09.2015<\/strong> &#8211; Gerade befinden wir uns auf Krk\/Kroatien und werden in den n\u00e4chsten Tagen an die Plitvizer Seen fahren.<\/p>\n<p>&nbsp;<\/p>\n","protected":false},"excerpt":{"rendered":"<p>Unser momentaner Standort: 04.03.2016 &#8211; Bayern, unsere Vorbereitungen f\u00fcr die Weiterreise nach Spanien (und evtl. Marokko) laufen auf Hochtouren \ud83d\ude42 04.12.2015 &#8211;\u00a0Kyparissia, das erste mal das wir Workaway ausprobieren. Wir haben diese kleine H\u00fctte&#46;&#46;&#46;<\/p>\n","protected":false},"author":2,"featured_media":0,"parent":0,"menu_order":0,"comment_status":"open","ping_status":"open","template":"","meta":[],"_links":{"self":[{"href":"http:\/\/t4travel.de\/index.php\/wp-json\/wp\/v2\/pages\/154"}],"collection":[{"href":"http:\/\/t4travel.de\/index.php\/wp-json\/wp\/v2\/pages"}],"about":[{"href":"http:\/\/t4travel.de\/index.php\/wp-json\/wp\/v2\/types\/page"}],"author":[{"embeddable":true,"href":"http:\/\/t4travel.de\/index.php\/wp-json\/wp\/v2\/users\/2"}],"replies":[{"embeddable":true,"href":"http:\/\/t4travel.de\/index.php\/wp-json\/wp\/v2\/comments?post=154"}],"version-history":[{"count":21,"href":"http:\/\/t4travel.de\/index.php\/wp-json\/wp\/v2\/pages\/154\/revisions"}],"predecessor-version":[{"id":1192,"href":"http:\/\/t4travel.de\/index.php\/wp-json\/wp\/v2\/pages\/154\/revisions\/1192"}],"wp:attachment":[{"href":"http:\/\/t4travel.de\/index.php\/wp-json\/wp\/v2\/media?parent=154"}],"curies":[{"name":"wp","href":"https:\/\/api.w.org\/{rel}","templated":true}]}}