{"id":268,"date":"2015-09-26T22:12:42","date_gmt":"2015-09-26T20:12:42","guid":{"rendered":"http:\/\/t4travel.de\/?page_id=268"},"modified":"2015-10-11T23:02:20","modified_gmt":"2015-10-11T21:02:20","slug":"linksinteressante-seiten","status":"publish","type":"page","link":"http:\/\/t4travel.de\/index.php\/linksinteressante-seiten\/","title":{"rendered":"Links\/Interessante Seiten"},"content":{"rendered":"<p>Hier ein paar n\u00fctzliche Seiten und Links zu interessanten Blogs:<\/p>\n<p><a href=\"http:\/\/www.myhomeismycar.com\/\" target=\"_blank\">http:\/\/www.myhomeismycar.com\/<\/a><br \/>\nDie Internetseite von Stefan, wirklich der Wahnsinn wo der Typ schon \u00fcberall war. Lese seine Berichte immer gerne und finde immer wieder n\u00fctzliche Tipps f\u00fcr unsere Reise.<\/p>\n<p><a href=\"http:\/\/glaarkshouse.com\/\" target=\"_blank\">http:\/\/glaarkshouse.com\/<\/a><br \/>\nKlasse Bilder und tolle Geschichten. Bin zwar erst seit kurzem dort am Lesen, aber schon jetzt begeistert.<\/p>\n<p>&nbsp;<\/p>\n<p>Albanien:<\/p>\n<p><a href=\"http:\/\/www.lakeshkodraresort.com\" target=\"_blank\">www.lakeshkodraresort.com<\/a><br \/>\nToller Campingplatz in der N\u00e4he von Shkoder<\/p>\n<p><a href=\"http:\/\/www.thethipark.com\" target=\"_blank\">www.thethipark.com<\/a><br \/>\nBeste Adresse wenn es um Informationen\/Buchungen in Theth geht. Setzt euch am besten mit Jimmy in Kontakt, er kennt sich in der Gegend super aus! Mehr dazu <a href=\"http:\/\/t4travel.de\/index.php\/2015\/10\/09\/12-jimmy-und-der-thethipark\/\" target=\"_blank\">hier<\/a>.<\/p>\n","protected":false},"excerpt":{"rendered":"<p>Hier ein paar n\u00fctzliche Seiten und Links zu interessanten Blogs: http:\/\/www.myhomeismycar.com\/ Die Internetseite von Stefan, wirklich der Wahnsinn wo der Typ schon \u00fcberall war. Lese seine Berichte immer gerne und finde immer wieder n\u00fctzliche&#46;&#46;&#46;<\/p>\n","protected":false},"author":2,"featured_media":0,"parent":0,"menu_order":0,"comment_status":"closed","ping_status":"open","template":"","meta":[],"_links":{"self":[{"href":"http:\/\/t4travel.de\/index.php\/wp-json\/wp\/v2\/pages\/268"}],"collection":[{"href":"http:\/\/t4travel.de\/index.php\/wp-json\/wp\/v2\/pages"}],"about":[{"href":"http:\/\/t4travel.de\/index.php\/wp-json\/wp\/v2\/types\/page"}],"author":[{"embeddable":true,"href":"http:\/\/t4travel.de\/index.php\/wp-json\/wp\/v2\/users\/2"}],"replies":[{"embeddable":true,"href":"http:\/\/t4travel.de\/index.php\/wp-json\/wp\/v2\/comments?post=268"}],"version-history":[{"count":6,"href":"http:\/\/t4travel.de\/index.php\/wp-json\/wp\/v2\/pages\/268\/revisions"}],"predecessor-version":[{"id":390,"href":"http:\/\/t4travel.de\/index.php\/wp-json\/wp\/v2\/pages\/268\/revisions\/390"}],"wp:attachment":[{"href":"http:\/\/t4travel.de\/index.php\/wp-json\/wp\/v2\/media?parent=268"}],"curies":[{"name":"wp","href":"https:\/\/api.w.org\/{rel}","templated":true}]}}