{"id":752,"date":"2015-11-28T13:55:37","date_gmt":"2015-11-28T12:55:37","guid":{"rendered":"http:\/\/t4travel.de\/?page_id=752"},"modified":"2015-12-19T12:11:42","modified_gmt":"2015-12-19T11:11:42","slug":"statistik","status":"publish","type":"page","link":"http:\/\/t4travel.de\/index.php\/ueber-den-bus\/statistik\/","title":{"rendered":"Statistik"},"content":{"rendered":"<table>\n<tbody>\n<tr>\n<td><strong>Statistik aktualisiert am 19.12.2015<\/strong><\/p>\n<p>Unterwegs seit:<\/p>\n<p>Gefahrene Kilometer:<br \/>\nVerbrauchter Diesel:<br \/>\nVerbrauch Bus:<br \/>\nH\u00f6chster angefahrener Punkt:<\/p>\n<hr \/>\n<p>Pannen:<br \/>\nWerkstattbesuche:<br \/>\nWerkstattkosten:<br \/>\nReservekanister ben\u00f6tigt:<br \/>\nGasverbrauch:<br \/>\nBus gewaschen:<\/p>\n<hr \/>\n<p>Stra\u00dfzettel\/unn\u00f6tige Kosten:<br \/>\nVerlorene Sachen:<\/p>\n<hr \/>\n<p>L\u00e4ngster Aufenthalt:<br \/>\nGro\u00dfe St\u00e4dte besichtigt:<\/p>\n<hr \/>\n<p>N\u00e4chte auf Campingplatz:<br \/>\nWaschmaschine benutzt:<br \/>\nRichtige Dusche benutzt:<br \/>\nNicht im Bus geschlafen:<\/p>\n<hr \/>\n<p>L\u00e4nder besucht:<\/p>\n<p>Italien:<br \/>\nSlowenien:<br \/>\nKroatien:<br \/>\nMontenegro:<br \/>\nAlbanien:<br \/>\nGriechenland:<\/td>\n<td>&nbsp;<\/p>\n<p>03.09.2015 &#8211; 109 Tage<\/p>\n<p>5922\u00a0km<br \/>\n612\u00a0Liter<br \/>\n9,7L\/100 km<br \/>\n2240 m, <a href=\"http:\/\/t4travel.de\/index.php\/2015\/09\/08\/tag-6-schnee-am-pfitscherjochsuedtirol\/\" target=\"_blank\">Pfitscher Joch<br \/>\n<\/a><\/p>\n<hr \/>\n<p>3 (<a href=\"http:\/\/t4travel.de\/index.php\/2015\/09\/04\/tag-1-getriebeschaden-bei-innsbruck\/\" target=\"_blank\">Getriebeschaden<\/a>, <a href=\"http:\/\/t4travel.de\/index.php\/2015\/11\/19\/26-gjipe-teil-4-feuerpois-und-das-uebliche-tagesprogramm\/\" target=\"_blank\">Schraube<\/a>)<br \/>\n1<br \/>\n~900 Euro<br \/>\n0<br \/>\n11 Kg, erste Flasche verbraucht<br \/>\n1<\/p>\n<hr \/>\n<p>300 Euro (<a href=\"http:\/\/t4travel.de\/index.php\/2015\/10\/04\/9-pepperspray-is-illegal-in-croatia\/\" target=\"_blank\">Pfefferspray<\/a>)<br \/>\nSchuhe, M\u00fctze<\/p>\n<hr \/>\n<p>15 Tage <a href=\"http:\/\/t4travel.de\/index.php\/2015\/11\/08\/23-gjipe-teil-1-klettern-im-paradies\/\" target=\"_blank\">Gjipe Beach\/Albanien<\/a><br \/>\n6<\/p>\n<hr \/>\n<p>5<br \/>\n7<br \/>\n11<br \/>\n8<\/p>\n<hr \/>\n<p>7<\/p>\n<p><a href=\"http:\/\/t4travel.de\/index.php\/category\/laender\/italien\/\" target=\"_blank\">7 Tage<\/a><br \/>\n<a href=\"http:\/\/t4travel.de\/index.php\/category\/laender\/slowenien\/\" target=\"_blank\">3 Tage<\/a><br \/>\n<a href=\"http:\/\/t4travel.de\/index.php\/category\/laender\/kroatien\/\" target=\"_blank\">14 Tage<\/a><br \/>\n1 Tag<br \/>\n<a href=\"http:\/\/t4travel.de\/index.php\/category\/laender\/albanien\/\" target=\"_blank\">46 Tage<\/a><br \/>\n42<a href=\"http:\/\/t4travel.de\/index.php\/category\/laender\/griechenland\/\" target=\"_blank\">\u00a0Tage<\/a><\/td>\n<\/tr>\n<\/tbody>\n<\/table>\n","protected":false},"excerpt":{"rendered":"<p>Statistik aktualisiert am 19.12.2015 Unterwegs seit: Gefahrene Kilometer: Verbrauchter Diesel: Verbrauch Bus: H\u00f6chster angefahrener Punkt: Pannen: Werkstattbesuche: Werkstattkosten: Reservekanister ben\u00f6tigt: Gasverbrauch: Bus gewaschen: Stra\u00dfzettel\/unn\u00f6tige Kosten: Verlorene Sachen: L\u00e4ngster Aufenthalt: Gro\u00dfe St\u00e4dte besichtigt: N\u00e4chte auf&#46;&#46;&#46;<\/p>\n","protected":false},"author":2,"featured_media":0,"parent":6,"menu_order":0,"comment_status":"open","ping_status":"closed","template":"","meta":[],"_links":{"self":[{"href":"http:\/\/t4travel.de\/index.php\/wp-json\/wp\/v2\/pages\/752"}],"collection":[{"href":"http:\/\/t4travel.de\/index.php\/wp-json\/wp\/v2\/pages"}],"about":[{"href":"http:\/\/t4travel.de\/index.php\/wp-json\/wp\/v2\/types\/page"}],"author":[{"embeddable":true,"href":"http:\/\/t4travel.de\/index.php\/wp-json\/wp\/v2\/users\/2"}],"replies":[{"embeddable":true,"href":"http:\/\/t4travel.de\/index.php\/wp-json\/wp\/v2\/comments?post=752"}],"version-history":[{"count":6,"href":"http:\/\/t4travel.de\/index.php\/wp-json\/wp\/v2\/pages\/752\/revisions"}],"predecessor-version":[{"id":926,"href":"http:\/\/t4travel.de\/index.php\/wp-json\/wp\/v2\/pages\/752\/revisions\/926"}],"up":[{"embeddable":true,"href":"http:\/\/t4travel.de\/index.php\/wp-json\/wp\/v2\/pages\/6"}],"wp:attachment":[{"href":"http:\/\/t4travel.de\/index.php\/wp-json\/wp\/v2\/media?parent=752"}],"curies":[{"name":"wp","href":"https:\/\/api.w.org\/{rel}","templated":true}]}}